{"id":380,"date":"2017-03-29T13:54:57","date_gmt":"2017-03-29T17:54:57","guid":{"rendered":"http:\/\/www.emrsoft.com\/?page_id=380"},"modified":"2024-06-19T10:13:46","modified_gmt":"2024-06-19T14:13:46","slug":"software-demo","status":"publish","type":"page","link":"https:\/\/www.emrsoft.com\/?page_id=380","title":{"rendered":""},"content":{"rendered":"\t\t<div data-elementor-type=\"wp-page\" data-elementor-id=\"380\" class=\"elementor elementor-380\">\n\t\t\t\t\t\t<section class=\"elementor-section elementor-top-section elementor-element elementor-element-1b1a246e elementor-section-boxed elementor-section-height-default elementor-section-height-default\" data-id=\"1b1a246e\" data-element_type=\"section\">\n\t\t\t\t\t\t<div class=\"elementor-container elementor-column-gap-default\">\n\t\t\t\t\t<div class=\"elementor-column elementor-col-100 elementor-top-column elementor-element elementor-element-13cd26f5\" data-id=\"13cd26f5\" data-element_type=\"column\">\n\t\t\t<div class=\"elementor-widget-wrap elementor-element-populated\">\n\t\t\t\t\t\t<div class=\"elementor-element elementor-element-4e503da9 elementor-widget elementor-widget-text-editor\" data-id=\"4e503da9\" data-element_type=\"widget\" data-widget_type=\"text-editor.default\">\n\t\t\t\t<div class=\"elementor-widget-container\">\n\t\t\t\t\t\t\t\t\t<p><a href=\"https:\/\/www.emrsoft.com\/wp-content\/uploads\/2017\/03\/aplicativos01.jpg\"><img fetchpriority=\"high\" decoding=\"async\" class=\"aligncenter size-full wp-image-382\" src=\"https:\/\/www.emrsoft.com\/wp-content\/uploads\/2017\/03\/aplicativos01.jpg\" alt=\"\" width=\"946\" height=\"496\" srcset=\"https:\/\/www.emrsoft.com\/wp-content\/uploads\/2017\/03\/aplicativos01.jpg 946w, https:\/\/www.emrsoft.com\/wp-content\/uploads\/2017\/03\/aplicativos01-300x157.jpg 300w, https:\/\/www.emrsoft.com\/wp-content\/uploads\/2017\/03\/aplicativos01-768x403.jpg 768w\" sizes=\"(max-width: 946px) 100vw, 946px\" \/><\/a><\/p><h4>Sistema para Punto de Ventas<\/h4><p style=\"text-align: justify;\"><span style=\"font-family: arial, helvetica, sans-serif; font-size: 10pt;\">Control de Caja. M\u00f3dulo de Inventario, con control para productos con m\u00faltiples lotes de precios. M\u00f3dulo para manejo de Bancos. Cuentas por Pagar. Control de Clientes, Libros de IVA en Ventas y Compras, Libros de Impuesto. Control de Vendedores y Comisiones. Control de Proveedores y sus Estados de Cuenta. Gran variedad de reportes. Transmisi\u00f3n remota de c\u00f3digos de art\u00edculos, ajustes en el inventario y transacciones del d\u00eda. Multi-usuario.<\/span><\/p><p><span style=\"font-family: Tahoma; font-size: small;\"><b>Compatible con:\u00a0<\/b>MS-DOS, Windows en todas sus versiones.<\/span><\/p><h4>M\u00f3dulo de Mantenimiento para Sistema Punto de Venta.<\/h4><p style=\"text-align: justify;\"><span style=\"font-family: arial, helvetica, sans-serif; font-size: 10pt;\">Realiza la revisi\u00f3n diaria y el mantenimiento en procesos nocturnos de las tablas del Sistema Punto de Ventas. Se recomienda la instalaci\u00f3n en el Servidor de la aplicaci\u00f3n.<\/span><\/p><p><span style=\"font-family: Tahoma; font-size: small;\"><b>Compatible con:\u00a0<\/b>MS-DOS, Windows en todas sus versiones.<\/span><\/p><h4>Sistema para N\u00f3mina<\/h4><p style=\"text-align: justify;\"><span style=\"font-family: arial, helvetica, sans-serif; font-size: 10pt;\">Control del personal, m\u00faltiples n\u00f3minas, c\u00e1lculo de intereses sobre prestaciones, anticipos, pr\u00e9stamos, emisi\u00f3n de archivos para dep\u00f3sitos bancarios, reportes de personal liquidado, vacaciones, reportes S.S.O. (formato 14-100), L.P.H., S.P.F., INCE, formato AR-C, reposos, re-ingresos, accidentes laborales, emisi\u00f3n de constancias, pol\u00edtica habitacional, definici\u00f3n de constantes, transmisi\u00f3n remota de datos, Multi-usuario.<\/span><\/p><p style=\"text-align: justify;\"><b style=\"font-family: Tahoma; font-size: small;\">Compatible con:\u00a0<\/b><span style=\"font-family: Tahoma; font-size: small;\">MS-DOS, Windows en todas sus versiones.<\/span><\/p><h4>Sistema de Administraci\u00f3n de Hoteles\/Posadas<\/h4><p style=\"text-align: justify;\"><span style=\"font-family: arial, helvetica, sans-serif; font-size: 10pt;\">Lista de Espera, control de hu\u00e9spedes y sus acompa\u00f1antes, control de habitaciones, m\u00f3dulo para servicio de mucamas, disponibilidad de habitaciones actual y por fecha espec\u00edfica, reportes variados, Multi-usuario.<\/span><\/p><p style=\"text-align: justify;\"><b style=\"font-family: Tahoma; font-size: small;\">Compatible con:\u00a0<\/b><span style=\"font-family: Tahoma; font-size: small;\">MS-DOS, Windows en todas sus versiones.<\/span><\/p><h4>Sistema\u00a0para Control de Pacientes<\/h4><p style=\"text-align: justify;\"><span style=\"font-family: arial, helvetica, sans-serif; font-size: 10pt;\">Control de historial de pacientes, enfermedades, m\u00f3dulo de recipes y facturaci\u00f3n, control de citas, control de medicinas recetadas por paciente, varias especialidades, Multi-usuario.<\/span><\/p><p style=\"text-align: justify;\"><b style=\"font-family: Tahoma; font-size: small;\">Compatible con:\u00a0<\/b><span style=\"font-family: Tahoma; font-size: small;\">MS-DOS, Windows en todas sus versiones.<\/span><\/p><h4>Sistema para Administraci\u00f3n de Restaurantes<\/h4><p style=\"text-align: justify;\"><span style=\"font-family: arial, helvetica, sans-serif; font-size: 10pt;\">Control de pedidos y mesas, men\u00fas, m\u00f3dulo de reservaciones, m\u00f3dulo de facturaci\u00f3n, Multi-usuario.<\/span><\/p><p style=\"text-align: justify;\"><b style=\"font-family: Tahoma; font-size: small;\">Compatible con:\u00a0<\/b><span style=\"font-family: Tahoma; font-size: small;\">MS-DOS, Windows en todas sus versiones.<\/span><\/p><h4>Sistema para Control de Flota Vehicular<\/h4><p style=\"text-align: justify;\"><span style=\"font-family: arial, helvetica, sans-serif; font-size: 10pt;\">Control de partes de veh\u00edculos, control de mantenimiento, rendimiento de los componentes, Gesti\u00f3n de choferes, rendimiento de combustible, m\u00faltiples reportes, Multi-usuario.<\/span><\/p><p style=\"text-align: justify;\"><b style=\"font-family: Tahoma; font-size: small;\">Compatible con:\u00a0<\/b><span style=\"font-family: Tahoma; font-size: small;\">MS-DOS, Windows en todas sus versiones.<\/span><\/p><p style=\"text-align: justify;\">\u00bfNo encuentra un sistema que se ajuste a sus necesidades?, por favor, <a title=\"Cont\u00e1ctenos\" href=\"https:\/\/www.emrsoft.com\/?page_id=19\">ind\u00edquenos<\/a> sus requerimientos, podemos realizar el dise\u00f1o y programaci\u00f3n a su medida.<\/p>\t\t\t\t\t\t\t\t<\/div>\n\t\t\t\t<\/div>\n\t\t\t\t\t<\/div>\n\t\t<\/div>\n\t\t\t\t\t<\/div>\n\t\t<\/section>\n\t\t\t\t<\/div>\n\t\t","protected":false},"excerpt":{"rendered":"<p>Sistema para Punto de Ventas Control de Caja. M\u00f3dulo de Inventario, con control para productos con m\u00faltiples lotes de precios.&hellip;<\/p>\n","protected":false},"author":1,"featured_media":0,"parent":0,"menu_order":400,"comment_status":"closed","ping_status":"closed","template":"","meta":{"footnotes":""},"class_list":["post-380","page","type-page","status-publish","hentry"],"aioseo_notices":[],"_links":{"self":[{"href":"https:\/\/www.emrsoft.com\/index.php?rest_route=\/wp\/v2\/pages\/380","targetHints":{"allow":["GET"]}}],"collection":[{"href":"https:\/\/www.emrsoft.com\/index.php?rest_route=\/wp\/v2\/pages"}],"about":[{"href":"https:\/\/www.emrsoft.com\/index.php?rest_route=\/wp\/v2\/types\/page"}],"author":[{"embeddable":true,"href":"https:\/\/www.emrsoft.com\/index.php?rest_route=\/wp\/v2\/users\/1"}],"replies":[{"embeddable":true,"href":"https:\/\/www.emrsoft.com\/index.php?rest_route=%2Fwp%2Fv2%2Fcomments&post=380"}],"version-history":[{"count":18,"href":"https:\/\/www.emrsoft.com\/index.php?rest_route=\/wp\/v2\/pages\/380\/revisions"}],"predecessor-version":[{"id":799,"href":"https:\/\/www.emrsoft.com\/index.php?rest_route=\/wp\/v2\/pages\/380\/revisions\/799"}],"wp:attachment":[{"href":"https:\/\/www.emrsoft.com\/index.php?rest_route=%2Fwp%2Fv2%2Fmedia&parent=380"}],"curies":[{"name":"wp","href":"https:\/\/api.w.org\/{rel}","templated":true}]}}