{"id":367,"date":"2017-10-08T22:14:43","date_gmt":"2017-10-09T02:14:43","guid":{"rendered":"http:\/\/www.emrsoft.com\/?page_id=367"},"modified":"2024-08-08T17:16:09","modified_gmt":"2024-08-08T21:16:09","slug":"seguridad-it","status":"publish","type":"page","link":"https:\/\/www.emrsoft.com\/?page_id=367","title":{"rendered":""},"content":{"rendered":"\t\t<div data-elementor-type=\"wp-page\" data-elementor-id=\"367\" class=\"elementor elementor-367\">\n\t\t\t\t\t\t<section class=\"elementor-section elementor-top-section elementor-element elementor-element-17974e0b elementor-section-boxed elementor-section-height-default elementor-section-height-default\" data-id=\"17974e0b\" data-element_type=\"section\">\n\t\t\t\t\t\t<div class=\"elementor-container elementor-column-gap-default\">\n\t\t\t\t\t<div class=\"elementor-column elementor-col-100 elementor-top-column elementor-element elementor-element-854a9c3\" data-id=\"854a9c3\" data-element_type=\"column\">\n\t\t\t<div class=\"elementor-widget-wrap elementor-element-populated\">\n\t\t\t\t\t\t<div class=\"elementor-element elementor-element-58a0d1a4 elementor-widget elementor-widget-text-editor\" data-id=\"58a0d1a4\" data-element_type=\"widget\" data-widget_type=\"text-editor.default\">\n\t\t\t\t<div class=\"elementor-widget-container\">\n\t\t\t\t\t\t\t\t\t<p><a href=\"https:\/\/www.emrsoft.com\/wp-content\/uploads\/2017\/03\/seguridad01.jpg\"><img fetchpriority=\"high\" decoding=\"async\" class=\"aligncenter size-full wp-image-369\" src=\"https:\/\/www.emrsoft.com\/wp-content\/uploads\/2017\/03\/seguridad01.jpg\" alt=\"\" width=\"630\" height=\"420\" srcset=\"https:\/\/www.emrsoft.com\/wp-content\/uploads\/2017\/03\/seguridad01.jpg 630w, https:\/\/www.emrsoft.com\/wp-content\/uploads\/2017\/03\/seguridad01-300x200.jpg 300w\" sizes=\"(max-width: 630px) 100vw, 630px\" \/><\/a><\/p><p><span style=\"font-family: arial, helvetica, sans-serif; font-size: 12pt;\">\u00c9sta secci\u00f3n le brinda informaci\u00f3n directa de las principales casas de software de protecci\u00f3n y antivirus, de mayor renombre a nivel mundial.<\/span><\/p><p>Aqu\u00ed tambi\u00e9n encontrar\u00e1 programas de emergencia, que le ayudar\u00e1n a eliminar una amenaza, si ya ha penetrado en su Sistema.<\/p><p>En caso de querer brindarnos alguna sugerencia \u00f3 notificarnos de alg\u00fan link desactivado, le agradecemos por adelantado, y le pedimos, por favor, remitirlos al siguiente <a title=\"Cont\u00e1ctenos\" href=\"https:\/\/www.emrsoft.com\/?page_id=19\">enlace<\/a>.<\/p>\t\t\t\t\t\t\t\t<\/div>\n\t\t\t\t<\/div>\n\t\t\t\t\t<\/div>\n\t\t<\/div>\n\t\t\t\t\t<\/div>\n\t\t<\/section>\n\t\t\t\t<section class=\"elementor-section elementor-top-section elementor-element elementor-element-d6f460b elementor-section-boxed elementor-section-height-default elementor-section-height-default\" data-id=\"d6f460b\" data-element_type=\"section\">\n\t\t\t\t\t\t<div class=\"elementor-container elementor-column-gap-default\">\n\t\t\t\t\t<div class=\"elementor-column elementor-col-100 elementor-top-column elementor-element elementor-element-b10dbad\" data-id=\"b10dbad\" data-element_type=\"column\">\n\t\t\t<div class=\"elementor-widget-wrap elementor-element-populated\">\n\t\t\t\t\t\t<div class=\"elementor-element elementor-element-c28b23a elementor-widget elementor-widget-text-editor\" data-id=\"c28b23a\" data-element_type=\"widget\" data-widget_type=\"text-editor.default\">\n\t\t\t\t<div class=\"elementor-widget-container\">\n\t\t\t\t\t\t\t\t\t<p>Algunos enlaces importantes para la seguridad de tu infraestructura:<\/p><p>Herramientas para remoci\u00f3n de virus Kaspersky:\u00a0<a title=\"Herramientas para remoci\u00f3n de virus Kaspersky\" href=\"https:\/\/support.kaspersky.com\/kvrt2020\" target=\"_blank\" rel=\"noopener\">https:\/\/support.kaspersky.com\/kvrt2020<\/a><\/p><p>Herramienta Anti-Malware de MalwareBytes:\u00a0<a href=\"https:\/\/es.malwarebytes.com\/adwcleaner\/\" target=\"_blank\" rel=\"noopener\">https:\/\/es.malwarebytes.com\/adwcleaner\/<\/a><\/p><p>Herramienta de Evaluaci\u00f3n de Seguridad de McAfee: <a href=\"https:\/\/www.mcafee.com\/en-us\/antivirus\/mcafee-security-scan-plus.html\" target=\"_blank\" rel=\"noopener\">https:\/\/www.mcafee.com\/en-us\/antivirus\/mcafee-security-scan-plus.html<\/a><\/p><p>Herramientas de verificaci\u00f3n de Norton: <a href=\"https:\/\/us.norton.com\/products\/free-tools\" target=\"_blank\" rel=\"noopener\">https:\/\/us.norton.com\/products\/free-tools<\/a><\/p><p>Soluci\u00f3n Anti-Virus Gratis de AVG: <a href=\"https:\/\/www.avg.com\/es-ww\/free-antivirus-download#pc\" target=\"_blank\" rel=\"noopener\">https:\/\/www.avg.com\/es-ww\/free-antivirus-download#pc<\/a><\/p><p>Soluci\u00f3n de Bitdefender:\u00a0<a href=\"https:\/\/www.bitdefender.com\/Downloads\/?icid=mega-menu|c|free-trial\">https:\/\/www.bitdefender.com\/Downloads\/?icid=mega-menu|c|free-trial<\/a><\/p>\t\t\t\t\t\t\t\t<\/div>\n\t\t\t\t<\/div>\n\t\t\t\t\t<\/div>\n\t\t<\/div>\n\t\t\t\t\t<\/div>\n\t\t<\/section>\n\t\t\t\t<section class=\"elementor-section elementor-top-section elementor-element elementor-element-5784172 elementor-section-boxed elementor-section-height-default elementor-section-height-default\" data-id=\"5784172\" data-element_type=\"section\">\n\t\t\t\t\t\t<div class=\"elementor-container elementor-column-gap-default\">\n\t\t\t\t\t<div class=\"elementor-column elementor-col-50 elementor-top-column elementor-element elementor-element-6fc252a\" data-id=\"6fc252a\" data-element_type=\"column\">\n\t\t\t<div class=\"elementor-widget-wrap elementor-element-populated\">\n\t\t\t\t\t\t<div class=\"elementor-element elementor-element-048d628 elementor-widget elementor-widget-html\" data-id=\"048d628\" data-element_type=\"widget\" data-widget_type=\"html.default\">\n\t\t\t\t<div class=\"elementor-widget-container\">\n\t\t\t\t\t<a href=\"http:\/\/stat.drweb.com\/\"><img decoding=\"async\" title=\"\u0414\u0438\u0430\u0433\u0440\u0430\u043c\u043c\u0430 \u0432\u0438\u0440\u0443\u0441\u043d\u043e\u0439 \u0430\u043a\u0442\u0438\u0432\u043d\u043e\u0441\u0442\u0438 \u0437\u0430 \u043f\u043e\u0441\u043b\u0435\u0434\u043d\u0438\u0435 24 \u0447\u0430\u0441\u0430\" src=\"https:\/\/info.drweb.com\/export\/top5_nl_1day-white.png\" border=\"0\"><\/a>\t\t\t\t<\/div>\n\t\t\t\t<\/div>\n\t\t\t\t\t<\/div>\n\t\t<\/div>\n\t\t\t\t<div class=\"elementor-column elementor-col-50 elementor-top-column elementor-element elementor-element-19dc744\" data-id=\"19dc744\" data-element_type=\"column\">\n\t\t\t<div class=\"elementor-widget-wrap\">\n\t\t\t\t\t\t\t<\/div>\n\t\t<\/div>\n\t\t\t\t\t<\/div>\n\t\t<\/section>\n\t\t\t\t<\/div>\n\t\t","protected":false},"excerpt":{"rendered":"<p>\u00c9sta secci\u00f3n le brinda informaci\u00f3n directa de las principales casas de software de protecci\u00f3n y antivirus, de mayor renombre a&hellip;<\/p>\n","protected":false},"author":1,"featured_media":0,"parent":0,"menu_order":300,"comment_status":"closed","ping_status":"closed","template":"","meta":{"footnotes":""},"class_list":["post-367","page","type-page","status-publish","hentry"],"aioseo_notices":[],"_links":{"self":[{"href":"https:\/\/www.emrsoft.com\/index.php?rest_route=\/wp\/v2\/pages\/367","targetHints":{"allow":["GET"]}}],"collection":[{"href":"https:\/\/www.emrsoft.com\/index.php?rest_route=\/wp\/v2\/pages"}],"about":[{"href":"https:\/\/www.emrsoft.com\/index.php?rest_route=\/wp\/v2\/types\/page"}],"author":[{"embeddable":true,"href":"https:\/\/www.emrsoft.com\/index.php?rest_route=\/wp\/v2\/users\/1"}],"replies":[{"embeddable":true,"href":"https:\/\/www.emrsoft.com\/index.php?rest_route=%2Fwp%2Fv2%2Fcomments&post=367"}],"version-history":[{"count":83,"href":"https:\/\/www.emrsoft.com\/index.php?rest_route=\/wp\/v2\/pages\/367\/revisions"}],"predecessor-version":[{"id":806,"href":"https:\/\/www.emrsoft.com\/index.php?rest_route=\/wp\/v2\/pages\/367\/revisions\/806"}],"wp:attachment":[{"href":"https:\/\/www.emrsoft.com\/index.php?rest_route=%2Fwp%2Fv2%2Fmedia&parent=367"}],"curies":[{"name":"wp","href":"https:\/\/api.w.org\/{rel}","templated":true}]}}