{"id":2,"date":"2017-01-26T16:01:50","date_gmt":"2017-01-26T20:01:50","guid":{"rendered":"http:\/\/www.emrsoft.com\/?page_id=2"},"modified":"2023-11-09T09:40:04","modified_gmt":"2023-11-09T13:40:04","slug":"quienes-somos","status":"publish","type":"page","link":"https:\/\/www.emrsoft.com\/?page_id=2","title":{"rendered":""},"content":{"rendered":"\t\t<div data-elementor-type=\"wp-page\" data-elementor-id=\"2\" class=\"elementor elementor-2\">\n\t\t\t\t\t\t<section class=\"elementor-section elementor-top-section elementor-element elementor-element-48a90c3c elementor-section-boxed elementor-section-height-default elementor-section-height-default\" data-id=\"48a90c3c\" data-element_type=\"section\">\n\t\t\t\t\t\t<div class=\"elementor-container elementor-column-gap-default\">\n\t\t\t\t\t<div class=\"elementor-column elementor-col-100 elementor-top-column elementor-element elementor-element-7a56dd80\" data-id=\"7a56dd80\" data-element_type=\"column\">\n\t\t\t<div class=\"elementor-widget-wrap elementor-element-populated\">\n\t\t\t\t\t\t<div class=\"elementor-element elementor-element-2e05a0fd elementor-widget elementor-widget-text-editor\" data-id=\"2e05a0fd\" data-element_type=\"widget\" data-widget_type=\"text-editor.default\">\n\t\t\t\t<div class=\"elementor-widget-container\">\n\t\t\t\t\t\t\t\t\t<p><a href=\"https:\/\/www.emrsoft.com\/wp-content\/uploads\/2020\/05\/about-us-1.jpg\"><img fetchpriority=\"high\" decoding=\"async\" class=\"aligncenter wp-image-568 size-large\" src=\"https:\/\/www.emrsoft.com\/wp-content\/uploads\/2020\/05\/about-us-1-1024x848.jpg\" alt=\"\" width=\"688\" height=\"570\" srcset=\"https:\/\/www.emrsoft.com\/wp-content\/uploads\/2020\/05\/about-us-1-1024x848.jpg 1024w, https:\/\/www.emrsoft.com\/wp-content\/uploads\/2020\/05\/about-us-1-300x248.jpg 300w, https:\/\/www.emrsoft.com\/wp-content\/uploads\/2020\/05\/about-us-1-768x636.jpg 768w, https:\/\/www.emrsoft.com\/wp-content\/uploads\/2020\/05\/about-us-1-1536x1272.jpg 1536w, https:\/\/www.emrsoft.com\/wp-content\/uploads\/2020\/05\/about-us-1-1600x1325.jpg 1600w, https:\/\/www.emrsoft.com\/wp-content\/uploads\/2020\/05\/about-us-1.jpg 1920w\" sizes=\"(max-width: 688px) 100vw, 688px\" \/><\/a><\/p><p align=\"justify\"><span style=\"font-family: arial, helvetica, sans-serif; font-size: 12pt;\"><b>EMRSoft Soluciones Inform\u00e1ticas C.A.<\/b>, es una empresa fundada en Septiembre de 1998, inicialmente en Venezuela, ahora con presencia en diferentes pa\u00edses de la regi\u00f3n. Creadora de soluciones ajustadas al entorno empresarial actual y, adaptada a la \u00e1gil econom\u00eda de su entorno. Nuestra misi\u00f3n es brindarle una soluci\u00f3n completa y de alta calidad en Tecnolog\u00eda a un precio competitivo.<\/span><\/p><p align=\"justify\"><span style=\"font-family: arial, helvetica, sans-serif; font-size: 12pt;\">Nuestra alta calidad y forma de hacer negocios nos ha brindado la confianza de nuestros clientes, quienes encuentran en nosotros, soluciones ajustadas a sus presupuestos y exigencias.<\/span><\/p><blockquote><p align=\"justify\"><span style=\"font-size: 10pt;\"><i>\u00ab<b>Inspirada por los Clientes, motivada por la competencia, medida por el <span lang=\"es-ve\">\u00e9xito\u00bb<\/span><\/b><\/i><\/span><\/p><\/blockquote><p align=\"justify\"><span style=\"font-family: arial, helvetica, sans-serif; font-size: 12pt;\"><b>EMRSoft Soluciones Inform\u00e1ticas C.A.<\/b>, se encuentra aliada actualmente con Compa\u00f1\u00edas de IT a nivel mundial, que respaldan sus operaciones en el mundo. Contamos con amplia experiencia y, desde ya, a su servicio para brindarle:<\/span><\/p><ul><li><span style=\"font-family: arial, helvetica, sans-serif; font-size: 12pt;\">Dise\u00f1o, desarrollo e implementaci\u00f3n de Sistemas de Informaci\u00f3n.<\/span><\/li><li><span style=\"font-family: arial, helvetica, sans-serif; font-size: 12pt;\">Instalaci\u00f3n de cableado estructurado y componentes de red.<\/span><\/li><li><span style=\"font-family: arial, helvetica, sans-serif; font-size: 12pt;\">Desarrollo y Publicaci\u00f3n de p\u00e1ginas Web.<\/span><\/li><li><span style=\"font-family: arial, helvetica, sans-serif; font-size: 12pt;\">Extracci\u00f3n y\/o Migraci\u00f3n de Datos.<\/span><\/li><li><span style=\"font-family: arial, helvetica, sans-serif; font-size: 12pt;\">Infraestructura basada en Nube (Cloud) o Local (On-Premise).\u00a0<\/span><\/li><li><span style=\"font-family: arial, helvetica, sans-serif; font-size: 12pt;\">Mantenimiento de Equipos de Computaci\u00f3n a nivel de Hardware y Software.<\/span><\/li><li><span style=\"font-family: arial, helvetica, sans-serif; font-size: 12pt;\">Venta, Configuraci\u00f3n e Instalaci\u00f3n de Equipos de Computaci\u00f3n.<\/span><\/li><li><span style=\"font-family: arial, helvetica, sans-serif; font-size: 12pt;\">Asesor\u00eda integral en el \u00e1rea de tecnolog\u00eda y sistemas.<\/span><\/li><li><span style=\"font-family: arial, helvetica, sans-serif; font-size: 12pt;\">Curso y\/o Adiestramiento en Sistemas o herramientas Tecnol\u00f3gicas.<\/span><\/li><li><span style=\"font-family: arial, helvetica, sans-serif; font-size: 12pt;\">Instalaci\u00f3n de CCTV y salas de monitoreo y control.<\/span><\/li><\/ul><p><span style=\"font-family: arial, helvetica, sans-serif; font-size: 12pt;\">Personal entrenado y capacitado para cumplir, satisfacer y asesorar en todos sus requerimientos en el \u00e1rea de Sistemas.\u00a0Adem\u00e1s de contar con m\u00faltiples planes de servicio, a fin de mantener en su Empresa, todo lo relacionado con tecnolog\u00eda en \u00f3ptimas condiciones.<\/span><\/p><p><span style=\"font-family: arial, helvetica, sans-serif; font-size: 12pt;\">Pregunte por nuestros <a title=\"Cont\u00e1ctenos\" href=\"https:\/\/www.emrsoft.com\/?page_id=19\">Contratos de Servicios<\/a>.<\/span><span style=\"color: #353535; font-size: 1.5em; font-weight: bold; text-align: center;\">\u00a0<\/span><\/p>\t\t\t\t\t\t\t\t<\/div>\n\t\t\t\t<\/div>\n\t\t\t\t\t<\/div>\n\t\t<\/div>\n\t\t\t\t\t<\/div>\n\t\t<\/section>\n\t\t\t\t<\/div>\n\t\t","protected":false},"excerpt":{"rendered":"<p>EMRSoft Soluciones Inform\u00e1ticas C.A., es una empresa fundada en Septiembre de 1998, inicialmente en Venezuela, ahora con presencia en diferentes&hellip;<\/p>\n","protected":false},"author":1,"featured_media":0,"parent":0,"menu_order":50,"comment_status":"closed","ping_status":"closed","template":"","meta":{"footnotes":""},"class_list":["post-2","page","type-page","status-publish","hentry"],"aioseo_notices":[],"_links":{"self":[{"href":"https:\/\/www.emrsoft.com\/index.php?rest_route=\/wp\/v2\/pages\/2","targetHints":{"allow":["GET"]}}],"collection":[{"href":"https:\/\/www.emrsoft.com\/index.php?rest_route=\/wp\/v2\/pages"}],"about":[{"href":"https:\/\/www.emrsoft.com\/index.php?rest_route=\/wp\/v2\/types\/page"}],"author":[{"embeddable":true,"href":"https:\/\/www.emrsoft.com\/index.php?rest_route=\/wp\/v2\/users\/1"}],"replies":[{"embeddable":true,"href":"https:\/\/www.emrsoft.com\/index.php?rest_route=%2Fwp%2Fv2%2Fcomments&post=2"}],"version-history":[{"count":18,"href":"https:\/\/www.emrsoft.com\/index.php?rest_route=\/wp\/v2\/pages\/2\/revisions"}],"predecessor-version":[{"id":768,"href":"https:\/\/www.emrsoft.com\/index.php?rest_route=\/wp\/v2\/pages\/2\/revisions\/768"}],"wp:attachment":[{"href":"https:\/\/www.emrsoft.com\/index.php?rest_route=%2Fwp%2Fv2%2Fmedia&parent=2"}],"curies":[{"name":"wp","href":"https:\/\/api.w.org\/{rel}","templated":true}]}}