{"id":158,"date":"2017-01-26T16:01:50","date_gmt":"2017-01-26T20:01:50","guid":{"rendered":"http:\/\/www.emrsoft.com\/?page_id=158"},"modified":"2023-11-09T09:34:49","modified_gmt":"2023-11-09T13:34:49","slug":"servicios","status":"publish","type":"page","link":"https:\/\/www.emrsoft.com\/?page_id=158","title":{"rendered":""},"content":{"rendered":"\t\t<div data-elementor-type=\"wp-page\" data-elementor-id=\"158\" class=\"elementor elementor-158\">\n\t\t\t\t\t\t<section class=\"elementor-section elementor-top-section elementor-element elementor-element-1619b650 elementor-section-boxed elementor-section-height-default elementor-section-height-default\" data-id=\"1619b650\" data-element_type=\"section\">\n\t\t\t\t\t\t<div class=\"elementor-container elementor-column-gap-default\">\n\t\t\t\t\t<div class=\"elementor-column elementor-col-100 elementor-top-column elementor-element elementor-element-122daa6e\" data-id=\"122daa6e\" data-element_type=\"column\">\n\t\t\t<div class=\"elementor-widget-wrap elementor-element-populated\">\n\t\t\t\t\t\t<div class=\"elementor-element elementor-element-435d54f6 elementor-widget elementor-widget-text-editor\" data-id=\"435d54f6\" data-element_type=\"widget\" data-widget_type=\"text-editor.default\">\n\t\t\t\t<div class=\"elementor-widget-container\">\n\t\t\t\t\t\t\t\t\t<h3><a href=\"https:\/\/www.emrsoft.com\/wp-content\/uploads\/2020\/05\/services-2.jpg\"><img fetchpriority=\"high\" decoding=\"async\" src=\"https:\/\/www.emrsoft.com\/wp-content\/uploads\/2020\/05\/services-2.jpg\" alt=\"\" width=\"600\" height=\"400\" \/><\/a><\/h3><h3>Consultor\u00eda en IT<\/h3><p>Permita que nuestros especialistas lo apoyen en la ejecuci\u00f3n de las actividades que requiere su negocio\/proyecto. Nos enorgullece representar a las principales marcas tecnol\u00f3gicas, que permiten encaminarlo en un real beneficio en el corto tiempo.<\/p><p>Contamos con personal de\u00a0experiencia en infraestructura, soporte, desarrollo y gesti\u00f3n de proyectos, que har\u00e1 que sus esfuerzos sean alcanzados.<\/p><h3>Dise\u00f1o y Desarrollo de Aplicaciones<\/h3><p>Contamos con personal de desarrollo en las principales plataformas y tecnolog\u00edas, para garantizarle un exitoso nacimiento de su aplicativo \u00f3 sitio Web.<\/p><h3>Suministro \/ Venta de Partes y Equipos<\/h3><p>No pierdas tiempo tratando de ubicar los suministros o partes que requieren tus equipos\/oficina. Deja que nuestros expertos te apoyen y hagan el trabajo por t\u00ed.<\/p><p>Contamos con un stock de equipos (Laptops, PC&#8217;s, Servidores) y dispositivos e impresoras, para apoyarte en la gesti\u00f3n de tus necesidades, sin importar el tama\u00f1o de tu negocio.<\/p><h3>Instalaci\u00f3n y configuraci\u00f3n de CCTV<\/h3><p>El control de tus instalaciones nunca ha sido tan f\u00e1cil, como cuando nuestros asesores te apoyan desde el dise\u00f1o, instalaci\u00f3n y la implementaci\u00f3n de una sala de monitoreo, basada en nuestras soluciones de seguridad, reconocidas en todo el mundo.<\/p><h3>Outsourcing de IT<\/h3><p style=\"margin-bottom: 1.5em;\">Permita que nuestros profesionales y la experiencia, se encarguen de la operaci\u00f3n de su plataforma tecnol\u00f3gica, administre la seguridad de sus per\u00edmetros &#8211; servidores &#8211; estaciones de trabajo, mantenga al d\u00eda sus aplicaciones. Mantenga la mayor disponibilidad de su plataforma, controle el esfuerzo que se requiere por medio de tickets de servicio y, opere su Empresa con la tranquilidad de contar con el mejor respaldo, que le permite enfocarse en el core business de su negocio.<\/p>\t\t\t\t\t\t\t\t<\/div>\n\t\t\t\t<\/div>\n\t\t\t\t\t<\/div>\n\t\t<\/div>\n\t\t\t\t\t<\/div>\n\t\t<\/section>\n\t\t\t\t<\/div>\n\t\t","protected":false},"excerpt":{"rendered":"<p>Consultor\u00eda en IT Permita que nuestros especialistas lo apoyen en la ejecuci\u00f3n de las actividades que requiere su negocio\/proyecto. Nos&hellip;<\/p>\n","protected":false},"author":1,"featured_media":0,"parent":0,"menu_order":100,"comment_status":"closed","ping_status":"closed","template":"","meta":{"footnotes":""},"class_list":["post-158","page","type-page","status-publish","hentry"],"aioseo_notices":[],"_links":{"self":[{"href":"https:\/\/www.emrsoft.com\/index.php?rest_route=\/wp\/v2\/pages\/158","targetHints":{"allow":["GET"]}}],"collection":[{"href":"https:\/\/www.emrsoft.com\/index.php?rest_route=\/wp\/v2\/pages"}],"about":[{"href":"https:\/\/www.emrsoft.com\/index.php?rest_route=\/wp\/v2\/types\/page"}],"author":[{"embeddable":true,"href":"https:\/\/www.emrsoft.com\/index.php?rest_route=\/wp\/v2\/users\/1"}],"replies":[{"embeddable":true,"href":"https:\/\/www.emrsoft.com\/index.php?rest_route=%2Fwp%2Fv2%2Fcomments&post=158"}],"version-history":[{"count":11,"href":"https:\/\/www.emrsoft.com\/index.php?rest_route=\/wp\/v2\/pages\/158\/revisions"}],"predecessor-version":[{"id":762,"href":"https:\/\/www.emrsoft.com\/index.php?rest_route=\/wp\/v2\/pages\/158\/revisions\/762"}],"wp:attachment":[{"href":"https:\/\/www.emrsoft.com\/index.php?rest_route=%2Fwp%2Fv2%2Fmedia&parent=158"}],"curies":[{"name":"wp","href":"https:\/\/api.w.org\/{rel}","templated":true}]}}