{"id":156,"date":"2017-01-26T16:01:50","date_gmt":"2017-01-26T20:01:50","guid":{"rendered":"http:\/\/www.emrsoft.com\/?page_id=156"},"modified":"2025-12-27T16:45:33","modified_gmt":"2025-12-27T20:45:33","slug":"inicio","status":"publish","type":"page","link":"https:\/\/www.emrsoft.com\/","title":{"rendered":""},"content":{"rendered":"\t\t<div data-elementor-type=\"wp-page\" data-elementor-id=\"156\" class=\"elementor elementor-156\">\n\t\t\t\t\t\t<section class=\"elementor-section elementor-top-section elementor-element elementor-element-5dc567f elementor-section-boxed elementor-section-height-default elementor-section-height-default\" data-id=\"5dc567f\" data-element_type=\"section\">\n\t\t\t\t\t\t<div class=\"elementor-container elementor-column-gap-default\">\n\t\t\t\t\t<div class=\"elementor-column elementor-col-33 elementor-top-column elementor-element elementor-element-a8c3454\" data-id=\"a8c3454\" data-element_type=\"column\">\n\t\t\t<div class=\"elementor-widget-wrap elementor-element-populated\">\n\t\t\t\t\t\t<div class=\"elementor-element elementor-element-bab1825 elementor-invisible elementor-widget elementor-widget-counter\" data-id=\"bab1825\" data-element_type=\"widget\" data-settings=\"{&quot;_animation&quot;:&quot;fadeIn&quot;}\" data-widget_type=\"counter.default\">\n\t\t\t\t<div class=\"elementor-widget-container\">\n\t\t\t\t\t\t\t<div class=\"elementor-counter\">\n\t\t\t<div class=\"elementor-counter-title\">A\u00f1os de fundaci\u00f3n<\/div>\t\t\t<div class=\"elementor-counter-number-wrapper\">\n\t\t\t\t<span class=\"elementor-counter-number-prefix\"><\/span>\n\t\t\t\t<span class=\"elementor-counter-number\" data-duration=\"4000\" data-to-value=\"28\" data-from-value=\"0\" data-delimiter=\".\">0<\/span>\n\t\t\t\t<span class=\"elementor-counter-number-suffix\"><\/span>\n\t\t\t<\/div>\n\t\t<\/div>\n\t\t\t\t\t\t<\/div>\n\t\t\t\t<\/div>\n\t\t\t\t\t<\/div>\n\t\t<\/div>\n\t\t\t\t<div class=\"elementor-column elementor-col-33 elementor-top-column elementor-element elementor-element-3aeb42a\" data-id=\"3aeb42a\" data-element_type=\"column\">\n\t\t\t<div class=\"elementor-widget-wrap elementor-element-populated\">\n\t\t\t\t\t\t<div class=\"elementor-element elementor-element-6cf7e8f elementor-invisible elementor-widget elementor-widget-counter\" data-id=\"6cf7e8f\" data-element_type=\"widget\" data-settings=\"{&quot;_animation&quot;:&quot;fadeIn&quot;}\" data-widget_type=\"counter.default\">\n\t\t\t\t<div class=\"elementor-widget-container\">\n\t\t\t\t\t\t\t<div class=\"elementor-counter\">\n\t\t\t<div class=\"elementor-counter-title\">Cartera de Clientes Actual<\/div>\t\t\t<div class=\"elementor-counter-number-wrapper\">\n\t\t\t\t<span class=\"elementor-counter-number-prefix\"><\/span>\n\t\t\t\t<span class=\"elementor-counter-number\" data-duration=\"3300\" data-to-value=\"53\" data-from-value=\"0\" data-delimiter=\",\">0<\/span>\n\t\t\t\t<span class=\"elementor-counter-number-suffix\"><\/span>\n\t\t\t<\/div>\n\t\t<\/div>\n\t\t\t\t\t\t<\/div>\n\t\t\t\t<\/div>\n\t\t\t\t\t<\/div>\n\t\t<\/div>\n\t\t\t\t<div class=\"elementor-column elementor-col-33 elementor-top-column elementor-element elementor-element-31a5d80\" data-id=\"31a5d80\" data-element_type=\"column\">\n\t\t\t<div class=\"elementor-widget-wrap elementor-element-populated\">\n\t\t\t\t\t\t<div class=\"elementor-element elementor-element-32f092e elementor-invisible elementor-widget elementor-widget-counter\" data-id=\"32f092e\" data-element_type=\"widget\" data-settings=\"{&quot;_animation&quot;:&quot;fadeIn&quot;}\" data-widget_type=\"counter.default\">\n\t\t\t\t<div class=\"elementor-widget-container\">\n\t\t\t\t\t\t\t<div class=\"elementor-counter\">\n\t\t\t<div class=\"elementor-counter-title\">Horas t\u00e9cnicas efectivas<\/div>\t\t\t<div class=\"elementor-counter-number-wrapper\">\n\t\t\t\t<span class=\"elementor-counter-number-prefix\"><\/span>\n\t\t\t\t<span class=\"elementor-counter-number\" data-duration=\"4000\" data-to-value=\"67160\" data-from-value=\"0\" data-delimiter=\".\">0<\/span>\n\t\t\t\t<span class=\"elementor-counter-number-suffix\"><\/span>\n\t\t\t<\/div>\n\t\t<\/div>\n\t\t\t\t\t\t<\/div>\n\t\t\t\t<\/div>\n\t\t\t\t\t<\/div>\n\t\t<\/div>\n\t\t\t\t\t<\/div>\n\t\t<\/section>\n\t\t\t\t<section class=\"elementor-section elementor-top-section elementor-element elementor-element-a4811b8 elementor-section-boxed elementor-section-height-default elementor-section-height-default\" data-id=\"a4811b8\" data-element_type=\"section\">\n\t\t\t\t\t\t<div class=\"elementor-container elementor-column-gap-default\">\n\t\t\t\t\t<div class=\"elementor-column elementor-col-50 elementor-top-column elementor-element elementor-element-e0aac33\" data-id=\"e0aac33\" data-element_type=\"column\">\n\t\t\t<div class=\"elementor-widget-wrap elementor-element-populated\">\n\t\t\t\t\t\t<div class=\"elementor-element elementor-element-274fe12 elementor-widget elementor-widget-text-editor\" data-id=\"274fe12\" data-element_type=\"widget\" data-widget_type=\"text-editor.default\">\n\t\t\t\t<div class=\"elementor-widget-container\">\n\t\t\t\t\t\t\t\t\t<h3 style=\"box-sizing: inherit;\"><span style=\"color: #ff0000;\">Consultor\u00eda en IT<\/span><\/h3><p style=\"box-sizing: inherit; color: #252525;\" align=\"justify\"><span style=\"box-sizing: inherit; font-family: arial, helvetica, sans-serif; font-size: 12pt;\">\u00bfServicios por horas o contratos de servicio?,\u00a0\u00a0<span style=\"box-sizing: inherit; font-weight: bolder;\">EMRSoft Soluciones Inform\u00e1ticas C.A.<\/span>, le ayuda a determinar cu\u00e1l ser\u00eda la opci\u00f3n que m\u00e1s le conviene, ajust\u00e1ndose a su presupuesto y necesidades. Tenemos un plan y un\u00a0<a style=\"box-sizing: inherit;\" title=\"Servicios\" href=\"https:\/\/www.emrsoft.com\/?page_id=158\">grupo de servicios<\/a>\u00a0para que Ud. y su Empresa disfruten la tranquilidad de estar bajo nuestro respaldo en Tecnolog\u00eda. Cont\u00e1ctenos a fin de\u00a0prepararle un presupuesto de servicios ajustado a sus requerimientos.<\/span><\/p><p style=\"box-sizing: inherit; color: #252525;\" align=\"justify\"><span style=\"font-family: arial, helvetica, sans-serif; font-size: 12pt;\">Poseemos planes de servicio para cada necesidad, incluimos conexiones remotas para atenci\u00f3n de equipos y\/o aplicaciones cr\u00edticas.<\/span><\/p>\t\t\t\t\t\t\t\t<\/div>\n\t\t\t\t<\/div>\n\t\t\t\t\t<\/div>\n\t\t<\/div>\n\t\t\t\t<div class=\"elementor-column elementor-col-50 elementor-top-column elementor-element elementor-element-dbfaba1\" data-id=\"dbfaba1\" data-element_type=\"column\">\n\t\t\t<div class=\"elementor-widget-wrap elementor-element-populated\">\n\t\t\t\t\t\t<div class=\"elementor-element elementor-element-acde410 elementor-widget elementor-widget-spacer\" data-id=\"acde410\" data-element_type=\"widget\" data-widget_type=\"spacer.default\">\n\t\t\t\t<div class=\"elementor-widget-container\">\n\t\t\t\t\t\t\t<div class=\"elementor-spacer\">\n\t\t\t<div class=\"elementor-spacer-inner\"><\/div>\n\t\t<\/div>\n\t\t\t\t\t\t<\/div>\n\t\t\t\t<\/div>\n\t\t\t\t<div class=\"elementor-element elementor-element-f8716be elementor-widget elementor-widget-text-editor\" data-id=\"f8716be\" data-element_type=\"widget\" data-widget_type=\"text-editor.default\">\n\t\t\t\t<div class=\"elementor-widget-container\">\n\t\t\t\t\t\t\t\t\t<p><a href=\"https:\/\/www.emrsoft.com\/wp-content\/uploads\/2017\/01\/meeting.jpg\"><img fetchpriority=\"high\" decoding=\"async\" class=\"aligncenter wp-image-361\" src=\"https:\/\/www.emrsoft.com\/wp-content\/uploads\/2017\/01\/meeting.jpg\" alt=\"business-meeting\" width=\"531\" height=\"271\" srcset=\"https:\/\/www.emrsoft.com\/wp-content\/uploads\/2017\/01\/meeting.jpg 1750w, https:\/\/www.emrsoft.com\/wp-content\/uploads\/2017\/01\/meeting-300x153.jpg 300w, https:\/\/www.emrsoft.com\/wp-content\/uploads\/2017\/01\/meeting-768x392.jpg 768w, https:\/\/www.emrsoft.com\/wp-content\/uploads\/2017\/01\/meeting-1024x523.jpg 1024w, https:\/\/www.emrsoft.com\/wp-content\/uploads\/2017\/01\/meeting-1600x817.jpg 1600w\" sizes=\"(max-width: 531px) 100vw, 531px\" \/><\/a><\/p>\t\t\t\t\t\t\t\t<\/div>\n\t\t\t\t<\/div>\n\t\t\t\t\t<\/div>\n\t\t<\/div>\n\t\t\t\t\t<\/div>\n\t\t<\/section>\n\t\t\t\t<section class=\"elementor-section elementor-top-section elementor-element elementor-element-bbe2594 elementor-section-boxed elementor-section-height-default elementor-section-height-default\" data-id=\"bbe2594\" data-element_type=\"section\">\n\t\t\t\t\t\t<div class=\"elementor-container elementor-column-gap-default\">\n\t\t\t\t\t<div class=\"elementor-column elementor-col-50 elementor-top-column elementor-element elementor-element-fa9154e\" data-id=\"fa9154e\" data-element_type=\"column\">\n\t\t\t<div class=\"elementor-widget-wrap elementor-element-populated\">\n\t\t\t\t\t\t<div class=\"elementor-element elementor-element-dadead6 elementor-widget elementor-widget-text-editor\" data-id=\"dadead6\" data-element_type=\"widget\" data-widget_type=\"text-editor.default\">\n\t\t\t\t<div class=\"elementor-widget-container\">\n\t\t\t\t\t\t\t\t\t<p><a href=\"https:\/\/www.emrsoft.com\/wp-content\/uploads\/2020\/05\/home-2.jpg\"><img decoding=\"async\" class=\"aligncenter wp-image-567 size-full\" src=\"https:\/\/www.emrsoft.com\/wp-content\/uploads\/2020\/05\/home-2.jpg\" alt=\"multiples-dispositivos\" width=\"710\" height=\"482\" srcset=\"https:\/\/www.emrsoft.com\/wp-content\/uploads\/2020\/05\/home-2.jpg 710w, https:\/\/www.emrsoft.com\/wp-content\/uploads\/2020\/05\/home-2-300x204.jpg 300w\" sizes=\"(max-width: 710px) 100vw, 710px\" \/><\/a><\/p>\t\t\t\t\t\t\t\t<\/div>\n\t\t\t\t<\/div>\n\t\t\t\t\t<\/div>\n\t\t<\/div>\n\t\t\t\t<div class=\"elementor-column elementor-col-50 elementor-top-column elementor-element elementor-element-1f86dab\" data-id=\"1f86dab\" data-element_type=\"column\">\n\t\t\t<div class=\"elementor-widget-wrap elementor-element-populated\">\n\t\t\t\t\t\t<div class=\"elementor-element elementor-element-aff12e9 elementor-widget elementor-widget-text-editor\" data-id=\"aff12e9\" data-element_type=\"widget\" data-widget_type=\"text-editor.default\">\n\t\t\t\t<div class=\"elementor-widget-container\">\n\t\t\t\t\t\t\t\t\t<h3><span style=\"color: #ff0000;\">Dise\u00f1o y Desarrollo de Aplicaciones<\/span><\/h3><p align=\"justify\"><span style=\"font-family: arial, helvetica, sans-serif; font-size: 12pt;\">Eval\u00fae nuestras diferentes <a href=\"https:\/\/www.emrsoft.com\/?page_id=380\">soluciones<\/a> seg\u00fan su tipo de negocio o necesidad.<\/span><\/p><p align=\"justify\"><span style=\"font-family: arial, helvetica, sans-serif; font-size: 12pt;\">Solicite cotizaci\u00f3n sobre alg\u00fan producto o desarrollo, especialmente preparado para Ud.<\/span><\/p><p align=\"justify\"><span style=\"font-family: arial, helvetica, sans-serif; font-size: 12pt;\">Ubique aqu\u00ed tambi\u00e9n manuales, parches o revisiones para sus aplicaciones y un compendio de las FAQ&#8217;s, referente a nuestras aplicaciones.<\/span><\/p>\t\t\t\t\t\t\t\t<\/div>\n\t\t\t\t<\/div>\n\t\t\t\t\t<\/div>\n\t\t<\/div>\n\t\t\t\t\t<\/div>\n\t\t<\/section>\n\t\t\t\t<section class=\"elementor-section elementor-top-section elementor-element elementor-element-229a9c1 elementor-section-boxed elementor-section-height-default elementor-section-height-default\" data-id=\"229a9c1\" data-element_type=\"section\">\n\t\t\t\t\t\t<div class=\"elementor-container elementor-column-gap-default\">\n\t\t\t\t\t<div class=\"elementor-column elementor-col-100 elementor-top-column elementor-element elementor-element-05d3df2\" data-id=\"05d3df2\" data-element_type=\"column\">\n\t\t\t<div class=\"elementor-widget-wrap elementor-element-populated\">\n\t\t\t\t\t\t<div class=\"elementor-element elementor-element-9c64a97 elementor-widget elementor-widget-text-editor\" data-id=\"9c64a97\" data-element_type=\"widget\" data-widget_type=\"text-editor.default\">\n\t\t\t\t<div class=\"elementor-widget-container\">\n\t\t\t\t\t\t\t\t\t<h3 style=\"box-sizing: inherit;\"><span style=\"color: #ff0000;\"><b>Suministro \/ Venta de Partes y Equipos<\/b><\/span><\/h3><p style=\"box-sizing: inherit; color: #252525;\" align=\"justify\"><span style=\"box-sizing: inherit; color: #000000; font-family: arial, helvetica, sans-serif; font-size: 12pt;\">Nosotros le brindamos nuestra asesor\u00eda de manera gratuita, a fin de que adquiera el equipo que le brindar\u00e1 mayor rendimiento y escalabilidad, con los componentes que Ud. desee o requiera, a un precio razonable y con la garant\u00eda m\u00e1s amplia del mercado.<\/span><\/p><p style=\"box-sizing: inherit; color: #252525;\" align=\"justify\"><span style=\"box-sizing: inherit; font-family: arial, helvetica, sans-serif; font-size: 12pt;\"><span style=\"box-sizing: inherit; color: #000000;\">Contamos con el suministro de partes m\u00e1s amplio y un conjunto de especialistas que lo ayudar\u00e1n en su elecci\u00f3n.<\/span><\/span><\/p><p style=\"box-sizing: inherit; color: #252525;\" align=\"justify\"><span style=\"box-sizing: inherit; font-family: arial, helvetica, sans-serif; font-size: 12pt;\">Podemos realizar proyectos para oficinas completos o por departamentos, seg\u00fan sea su requerimiento o necesidad.<\/span><\/p>\t\t\t\t\t\t\t\t<\/div>\n\t\t\t\t<\/div>\n\t\t\t\t<div class=\"elementor-element elementor-element-c28a986 elementor-widget elementor-widget-text-editor\" data-id=\"c28a986\" data-element_type=\"widget\" data-widget_type=\"text-editor.default\">\n\t\t\t\t<div class=\"elementor-widget-container\">\n\t\t\t\t\t\t\t\t\t<p><a style=\"background-color: #ffffff;\" href=\"https:\/\/www.emrsoft.com\/wp-content\/uploads\/2017\/01\/equipos-computo.jpg\"><img decoding=\"async\" class=\"alignnone wp-image-327 size-full\" src=\"https:\/\/www.emrsoft.com\/wp-content\/uploads\/2017\/01\/equipos-computo.jpg\" alt=\"hardware\" width=\"960\" height=\"330\" srcset=\"https:\/\/www.emrsoft.com\/wp-content\/uploads\/2017\/01\/equipos-computo.jpg 960w, https:\/\/www.emrsoft.com\/wp-content\/uploads\/2017\/01\/equipos-computo-300x103.jpg 300w, https:\/\/www.emrsoft.com\/wp-content\/uploads\/2017\/01\/equipos-computo-768x264.jpg 768w\" sizes=\"(max-width: 960px) 100vw, 960px\" \/><\/a><\/p>\t\t\t\t\t\t\t\t<\/div>\n\t\t\t\t<\/div>\n\t\t\t\t\t<\/div>\n\t\t<\/div>\n\t\t\t\t\t<\/div>\n\t\t<\/section>\n\t\t\t\t<section class=\"elementor-section elementor-top-section elementor-element elementor-element-265e00d4 elementor-section-boxed elementor-section-height-default elementor-section-height-default\" data-id=\"265e00d4\" data-element_type=\"section\">\n\t\t\t\t\t\t<div class=\"elementor-container elementor-column-gap-default\">\n\t\t\t\t\t<div class=\"elementor-column elementor-col-100 elementor-top-column elementor-element elementor-element-6012fab7\" data-id=\"6012fab7\" data-element_type=\"column\">\n\t\t\t<div class=\"elementor-widget-wrap elementor-element-populated\">\n\t\t\t\t\t\t<div class=\"elementor-element elementor-element-50c0f138 elementor-widget elementor-widget-text-editor\" data-id=\"50c0f138\" data-element_type=\"widget\" data-widget_type=\"text-editor.default\">\n\t\t\t\t<div class=\"elementor-widget-container\">\n\t\t\t\t\t\t\t\t\t<p><span style=\"color: #353535; font-size: 1.5em; font-weight: bold;\">Y eso no es todo..<\/span><\/p><div><p align=\"justify\"><span style=\"font-family: arial, helvetica, sans-serif; font-size: 12pt;\"><a href=\"https:\/\/www.emrsoft.com\/?page_id=2\">Nuestra estructura organizativa<\/a> se encuentra dispuesta a brindarle el soporte que su proyecto requiere.<\/span><\/p><p align=\"justify\"><span style=\"font-family: arial, helvetica, sans-serif; font-size: 12pt;\">Nuestras unidades de negocio le brindar\u00e1n a su <a href=\"https:\/\/www.emrsoft.com\/?page_id=602\">Empresa<\/a> el apoyo y conocimiento necesario para el \u00e9xito de su idea.<\/span><\/p><p align=\"justify\"><span style=\"font-family: arial, helvetica, sans-serif; font-size: 12pt;\">Nuestras alianzas con compa\u00f1\u00edas de IT a nivel internacional, nos brindan la mejor y mayor preparaci\u00f3n para nuestros t\u00e9cnicos.<\/span><\/p><p><a href=\"https:\/\/www.emrsoft.com\/wp-content\/uploads\/2017\/01\/centro_soporte_2-1.jpg\"><img loading=\"lazy\" decoding=\"async\" class=\"aligncenter wp-image-364\" src=\"https:\/\/www.emrsoft.com\/wp-content\/uploads\/2017\/01\/centro_soporte_2-1.jpg\" alt=\"support-team\" width=\"548\" height=\"228\" srcset=\"https:\/\/www.emrsoft.com\/wp-content\/uploads\/2017\/01\/centro_soporte_2-1.jpg 1234w, https:\/\/www.emrsoft.com\/wp-content\/uploads\/2017\/01\/centro_soporte_2-1-300x125.jpg 300w, https:\/\/www.emrsoft.com\/wp-content\/uploads\/2017\/01\/centro_soporte_2-1-768x320.jpg 768w, https:\/\/www.emrsoft.com\/wp-content\/uploads\/2017\/01\/centro_soporte_2-1-1024x427.jpg 1024w\" sizes=\"(max-width: 548px) 100vw, 548px\" \/><\/a><\/p><\/div>\t\t\t\t\t\t\t\t<\/div>\n\t\t\t\t<\/div>\n\t\t\t\t\t<\/div>\n\t\t<\/div>\n\t\t\t\t\t<\/div>\n\t\t<\/section>\n\t\t\t\t<section class=\"elementor-section elementor-top-section elementor-element elementor-element-6b8e4f6 elementor-section-boxed elementor-section-height-default elementor-section-height-default\" data-id=\"6b8e4f6\" data-element_type=\"section\">\n\t\t\t\t\t\t<div class=\"elementor-container elementor-column-gap-default\">\n\t\t\t\t\t<div class=\"elementor-column elementor-col-33 elementor-top-column elementor-element elementor-element-1664b7b\" data-id=\"1664b7b\" data-element_type=\"column\">\n\t\t\t<div class=\"elementor-widget-wrap elementor-element-populated\">\n\t\t\t\t\t\t<div class=\"elementor-element elementor-element-2725869 elementor-widget__width-inherit elementor-widget elementor-widget-image\" data-id=\"2725869\" data-element_type=\"widget\" data-widget_type=\"image.default\">\n\t\t\t\t<div class=\"elementor-widget-container\">\n\t\t\t\t\t\t\t\t\t\t\t\t\t\t\t<img loading=\"lazy\" decoding=\"async\" width=\"194\" height=\"48\" src=\"https:\/\/www.emrsoft.com\/wp-content\/uploads\/2017\/01\/Logo.png\" class=\"attachment-medium size-medium wp-image-359\" alt=\"Logo EMRSoft\" \/>\t\t\t\t\t\t\t\t\t\t\t\t\t\t\t<\/div>\n\t\t\t\t<\/div>\n\t\t\t\t\t<\/div>\n\t\t<\/div>\n\t\t\t\t<div class=\"elementor-column elementor-col-33 elementor-top-column elementor-element elementor-element-261b02b\" data-id=\"261b02b\" data-element_type=\"column\">\n\t\t\t<div class=\"elementor-widget-wrap elementor-element-populated\">\n\t\t\t\t\t\t<div class=\"elementor-element elementor-element-1c9bbcf elementor-widget elementor-widget-text-editor\" data-id=\"1c9bbcf\" data-element_type=\"widget\" data-widget_type=\"text-editor.default\">\n\t\t\t\t<div class=\"elementor-widget-container\">\n\t\t\t\t\t\t\t\t\t<p style=\"text-align: center;\"><span style=\"color: #000080;\"><a style=\"color: #000080;\" title=\"Cont\u00e1ctenos\" href=\"https:\/\/www.emrsoft.com\/?page_id=19\"><strong>Comun\u00edcate con nosotros<\/strong><\/a><\/span><\/p>\t\t\t\t\t\t\t\t<\/div>\n\t\t\t\t<\/div>\n\t\t\t\t<div class=\"elementor-element elementor-element-12e7073 elementor-shape-circle elementor-grid-0 e-grid-align-center elementor-widget elementor-widget-social-icons\" data-id=\"12e7073\" data-element_type=\"widget\" data-widget_type=\"social-icons.default\">\n\t\t\t\t<div class=\"elementor-widget-container\">\n\t\t\t\t\t\t\t<div class=\"elementor-social-icons-wrapper elementor-grid\">\n\t\t\t\t\t\t\t<span class=\"elementor-grid-item\">\n\t\t\t\t\t<a class=\"elementor-icon elementor-social-icon elementor-social-icon-facebook elementor-repeater-item-0b53d77\" href=\"https:\/\/www.facebook.com\/emrsoftca\/\" target=\"_blank\">\n\t\t\t\t\t\t<span class=\"elementor-screen-only\">Facebook<\/span>\n\t\t\t\t\t\t<i aria-hidden=\"true\" class=\"fab fa-facebook\"><\/i>\t\t\t\t\t<\/a>\n\t\t\t\t<\/span>\n\t\t\t\t\t<\/div>\n\t\t\t\t\t\t<\/div>\n\t\t\t\t<\/div>\n\t\t\t\t\t<\/div>\n\t\t<\/div>\n\t\t\t\t<div class=\"elementor-column elementor-col-33 elementor-top-column elementor-element elementor-element-ad3b7d3\" data-id=\"ad3b7d3\" data-element_type=\"column\">\n\t\t\t<div class=\"elementor-widget-wrap elementor-element-populated\">\n\t\t\t\t\t\t<div class=\"elementor-element elementor-element-939742e elementor-widget elementor-widget-html\" data-id=\"939742e\" data-element_type=\"widget\" data-widget_type=\"html.default\">\n\t\t\t\t<div class=\"elementor-widget-container\">\n\t\t\t\t\t<!--webbot bot=\"HTMLMarkup\" startspan --><a href=\"http:\/\/s01.flagcounter.com\/more\/GlPJ\"><img decoding=\"async\" src=\"http:\/\/s01.flagcounter.com\/count\/GlPJ\/bg_FFFFFF\/txt_000000\/border_CCCCCC\/columns_2\/maxflags_12\/viewers_Visitantes+x+Pais\/labels_1\/pageviews_0\/flags_0\/\" alt=\"free counters\" border=\"0\"><\/a><!--webbot bot=\"HTMLMarkup\" endspan -->\t\t\t\t<\/div>\n\t\t\t\t<\/div>\n\t\t\t\t\t<\/div>\n\t\t<\/div>\n\t\t\t\t\t<\/div>\n\t\t<\/section>\n\t\t\t\t<\/div>\n\t\t","protected":false},"excerpt":{"rendered":"<p>A\u00f1os de fundaci\u00f3n 0 Cartera de Clientes Actual 0 Horas t\u00e9cnicas efectivas 0 Consultor\u00eda en IT \u00bfServicios por horas o&hellip;<\/p>\n","protected":false},"author":1,"featured_media":0,"parent":0,"menu_order":0,"comment_status":"closed","ping_status":"closed","template":"","meta":{"footnotes":""},"class_list":["post-156","page","type-page","status-publish","hentry"],"aioseo_notices":[],"_links":{"self":[{"href":"https:\/\/www.emrsoft.com\/index.php?rest_route=\/wp\/v2\/pages\/156","targetHints":{"allow":["GET"]}}],"collection":[{"href":"https:\/\/www.emrsoft.com\/index.php?rest_route=\/wp\/v2\/pages"}],"about":[{"href":"https:\/\/www.emrsoft.com\/index.php?rest_route=\/wp\/v2\/types\/page"}],"author":[{"embeddable":true,"href":"https:\/\/www.emrsoft.com\/index.php?rest_route=\/wp\/v2\/users\/1"}],"replies":[{"embeddable":true,"href":"https:\/\/www.emrsoft.com\/index.php?rest_route=%2Fwp%2Fv2%2Fcomments&post=156"}],"version-history":[{"count":74,"href":"https:\/\/www.emrsoft.com\/index.php?rest_route=\/wp\/v2\/pages\/156\/revisions"}],"predecessor-version":[{"id":818,"href":"https:\/\/www.emrsoft.com\/index.php?rest_route=\/wp\/v2\/pages\/156\/revisions\/818"}],"wp:attachment":[{"href":"https:\/\/www.emrsoft.com\/index.php?rest_route=%2Fwp%2Fv2%2Fmedia&parent=156"}],"curies":[{"name":"wp","href":"https:\/\/api.w.org\/{rel}","templated":true}]}}